{"id":935,"date":"2022-06-13T17:35:25","date_gmt":"2022-06-13T15:35:25","guid":{"rendered":"https:\/\/mam-bayonne.fr\/mentions-legales\/"},"modified":"2022-08-22T10:28:35","modified_gmt":"2022-08-22T08:28:35","slug":"mentions-legales","status":"publish","type":"page","link":"https:\/\/mam-bayonne.fr\/en\/mentions-legales\/","title":{"rendered":"Mentions L\u00e9gales"},"content":{"rendered":"\n<p>Le site Internet https:\/\/mam-bayonne.fr (ci-apr\u00e8s d\u00e9nomm\u00e9 \u00ab le Site \u00bb) est la propri\u00e9t\u00e9 de la soci\u00e9t\u00e9 MONTAGE ET ASSEMBLAGE M\u00c9CANIQUE (ci-apr\u00e8s d\u00e9nomm\u00e9e \u201cM.A.M\u201d).<\/p>\n\n<h2 class=\"wp-block-heading\"><strong>1. Editeur<\/strong><\/h2>\n\n<p>M.A.M<\/p>\n\n<p>Num\u00e9ro SIRET : 320 389 695 00026<\/p>\n\n<p>Forme juridique : Soci\u00e9t\u00e9 par actions simplifi\u00e9e \u00e0 associ\u00e9 unique<\/p>\n\n<p>Capital : 65 000,00 \u20ac<\/p>\n\n<p>Immatriculation : Bayonne 320 389 695<\/p>\n\n<p>N\u00b0 TVA Intracommunautaire : FR 74320389695 <\/p>\n\n<p>Si\u00e8ge social : 23 avenue Melville Lynch, 64100 Bayonne (France)<\/p>\n\n<p>T\u00e9l\u00e9phone : 05 59 31 34 30<\/p>\n\n<p>E-mail : <a href=\"mailto:contact@mam-bayonne.fr\">contact@mam-bayonne.fr<\/a><\/p>\n\n<h2 class=\"wp-block-heading\"><strong>2. Directeur de la publication<\/strong><\/h2>\n\n<p>Soci\u00e9t\u00e9 M.A.M repr\u00e9sent\u00e9e par David Petriat<\/p>\n\n<h2 class=\"wp-block-heading\"><strong>3. H\u00e9bergeur du Site<\/strong><\/h2>\n\n<p>Le Site est h\u00e9berg\u00e9 par : Soci\u00e9t\u00e9 OVH ROUBAIX<\/p>\n\n<p>Adresse : OVH, 2 RUE KELLERMANN 59100 ROUBAIX<\/p>\n\n<p>T\u00e9l\u00e9phone : 09 72 10 10 07<\/p>\n\n<p>Site Internet : <a href=\"https:\/\/www.ovh.com\/fr\/\">https:\/\/www.ovh.com\/fr\/<\/a><\/p>\n\n<h2 class=\"wp-block-heading\"><strong>4. Conception \u2013 R\u00e9alisation du Site \u2013 Illustrations<\/strong><\/h2>\n\n<h3 class=\"wp-block-heading\"><strong>La conception et la r\u00e9alisation du Site ont \u00e9t\u00e9 assur\u00e9es par<\/strong> <\/h3>\n\n<p>MAK2COM \u2013 Agence de communication<\/p>\n\n<p>4 rue Louis Colas \u2013 64600 ANGLET<\/p>\n\n<p>T\u00e9l. : 05 59 03 60 57<\/p>\n\n<p><a href=\"https:\/\/mak2com.fr\">mak2com.fr<\/a><\/p>\n\n<br\/>\n\n<h3 class=\"wp-block-heading\"><strong>Les photos ont \u00e9t\u00e9 produites par <\/strong><\/h3>\n\n<p>MAK2COM \u2013 Agence de communication<\/p>\n\n<p>Emmanuel Lattes \u2013 Photographe <\/p>\n\n<h2 class=\"wp-block-heading\"><strong>5. Propri\u00e9t\u00e9 intellectuelle<\/strong><\/h2>\n\n<p>La pr\u00e9sentation et le contenu du Site constituent des \u0153uvres prot\u00e9g\u00e9es par la l\u00e9gislation fran\u00e7aise et internationale relative \u00e0 la propri\u00e9t\u00e9 intellectuelle. Les \u00e9l\u00e9ments de fond prot\u00e9geables tels que les textes, les photographies, les donn\u00e9es, les graphiques, les vid\u00e9os, les images\u2026 ainsi que les \u00e9l\u00e9ments de forme (choix, plan, disposition des mati\u00e8res, organisation des donn\u00e9es\u2026) sont la propri\u00e9t\u00e9 de M.A.M au titre du droit d\u2019auteur et au titre du droit du producteur de la base de donn\u00e9es.<\/p>\n\n<p>En vertu de cette propri\u00e9t\u00e9, M.A.M peut exploiter ces diff\u00e9rents \u00e9l\u00e9ments seule ou gr\u00e2ce \u00e0 l\u2019accord obtenu des d\u00e9tenteurs de droits et ce, pour le monde entier.<\/p>\n\n<p>D\u00e8s lors, toute reproduction ou repr\u00e9sentation, partielle ou totale, sur quelque support que ce soit, ne peut \u00eatre faite sans le consentement pr\u00e9alable de M.A.M en application des articles L.122-4 et L.342-1 du Code de la propri\u00e9t\u00e9 intellectuelle.<\/p>\n\n<br\/>\n\n<h3 class=\"wp-block-heading\"><strong>Exceptions pour usage priv\u00e9<\/strong><\/h3>\n\n<p>Conform\u00e9ment \u00e0 l\u2019article L.122-5 du Code de la propri\u00e9t\u00e9 intellectuelle, les \u0153uvres pr\u00e9sentes sur le Site ne peuvent \u00eatre utilis\u00e9es que dans un cadre priv\u00e9 et non exclusif par tout utilisateur du Site. Ceci signifie que vous avez le droit de reproduire pour stockage sur un ordinateur monoposte aux fins de repr\u00e9sentation sur un \u00e9cran unique et de reproduction, en un exemplaire unique pour copie de sauvegarde ou impression papier. Vous pouvez effectuer des reproductions sur papier dans la mesure o\u00f9 celles-ci ressortent du domaine de la copie priv\u00e9e \u00e0 usage non collectif.<\/p>\n\n<br\/>\n\n<h3 class=\"wp-block-heading\"><strong>Base de donn\u00e9es<\/strong><\/h3>\n\n<p>M.A.M, en tant qu\u2019auteur et producteur de la base de donn\u00e9es que constitue le Site, est titulaire de tous les droits inh\u00e9rents \u00e0 la base de donn\u00e9es.<\/p>\n\n<p>Ainsi, conform\u00e9ment aux articles L.342-1 et suivants du Code de la propri\u00e9t\u00e9 intellectuelle, M.A.M interdit l\u2019extraction par transfert permanent ou temporaire sur tous supports, par tous moyens, et sous quelque forme que ce soit de la totalit\u00e9 ou d\u2019une partie substantielle du contenu du Site, sauf si ces op\u00e9rations sont effectu\u00e9es \u00e0 des fins purement priv\u00e9es ou p\u00e9dagogiques.<\/p>\n\n<br\/>\n\n<h3 class=\"wp-block-heading\"><strong>Responsabilit\u00e9s<\/strong><\/h3>\n\n<p>Le non-respect des r\u00e8gles expos\u00e9es ci-dessus entra\u00eenera, sauf obtention de l\u2019accord pr\u00e9alable et expr\u00e8s de M.A.M, une violation des droits de propri\u00e9t\u00e9 intellectuelle.<\/p>\n\n<p>Cette violation peut indiff\u00e9remment porter atteinte aux droits d\u2019auteur, aux droits du producteur de base de donn\u00e9es ou aux deux r\u00e9gimes juridiques \u00e0 la fois. Elle constitue un (ou des) acte(s) de contrefa\u00e7on sanctionn\u00e9(s) sur la base des articles L.335-2 et L.342-1 et suivants du Code de la propri\u00e9t\u00e9 intellectuelle.<\/p>\n\n<br\/>\n\n<h3 class=\"wp-block-heading\"><strong>Exploitations interdites<\/strong><\/h3>\n\n<p>Toute commercialisation totale ou partielle de la pr\u00e9sentation originale du Site et\/ou de son contenu, aupr\u00e8s des tiers et sous quelque forme que ce soit est strictement interdite. Est express\u00e9ment interdit toute mise \u00e0 disposition du public des \u00e9l\u00e9ments du Site par vente, \u00e9change ou louage (\u00e9l\u00e9ments audio, vid\u00e9o, graphiques, textuels).<\/p>\n\n<p>La violation de ces dispositions imp\u00e9ratives expose le contrevenant aux peines civiles et p\u00e9nales pr\u00e9vues par la loi.<\/p>\n\n<br\/>\n\n<h3 class=\"wp-block-heading\"><strong>Marques et logos<\/strong><\/h3>\n\n<p>Les marques et logos sont la propri\u00e9t\u00e9 de M.A.M.<\/p>\n\n<p>Toute reproduction et\/ou utilisation sans l\u2019accord pr\u00e9alable de M.A.M engagerait la responsabilit\u00e9 de l\u2019utilisateur et constituerait une contrefa\u00e7on sanctionn\u00e9e par les peines pr\u00e9vues aux articles L.335-2, L.713-2, L.713-3 et L.716-1 du Code de la propri\u00e9t\u00e9 intellectuelle.<\/p>\n\n<h2 class=\"wp-block-heading\"><strong>6. Liens hypertextes<\/strong><\/h2>\n\n<p>Le Site peut contenir des liens vers des sites Internet tiers.<\/p>\n\n<p>Le fait de cliquer sur l\u2019un de ces liens dirigera automatiquement l\u2019utilisateur du Site vers ces sites qui sont soumis \u00e0 des conditions d\u2019utilisation qui leur sont propres, et non aux pr\u00e9sentes.<\/p>\n\n<p>Il vous appartient de prendre connaissance des conditions d\u2019utilisation de chaque site Internet vers lequel vous avez \u00e9t\u00e9 redirig\u00e9 avant de proc\u00e9der \u00e0 la navigation, afin de vous assurer de n\u2019utiliser que des sites dont le contenu et les r\u00e8gles d\u2019utilisation ont \u00e9t\u00e9 accept\u00e9es.<\/p>\n\n<p>M.A.M n\u2019a pas la ma\u00eetrise de ces autres sites tiers, et ne peut en aucun cas en surveiller le contenu ou les conditions d\u2019utilisation, notamment en mati\u00e8re de respect de la vie priv\u00e9e et de respect de la r\u00e9glementation applicable au traitement de donn\u00e9es personnelles. M.A.M ne pourra en aucun cas \u00eatre tenue responsable pour tout dommage subi sur un site vers lequel un de ses utilisateurs aurait \u00e9t\u00e9 redirig\u00e9. Tout lien vers le Site depuis un site tiers est prohib\u00e9 en l\u2019absence d\u2019autorisation pr\u00e9alable de M.A.M qui se r\u00e9serve le droit de poursuivre tout contrevenant. M.A.M d\u00e9cline toute responsabilit\u00e9 concernant tout lien pr\u00e9sent sur un site externe et renvoyant vers le Site. En outre, M.A.M ne pourra en aucun cas \u00eatre pr\u00e9sum\u00e9e associ\u00e9e \u00e0 un contenu pr\u00e9sent au sein de ce site tiers par la simple existence de cet hyperlien.<\/p>\n\n<h2 class=\"wp-block-heading\"><strong>7. Responsabilit\u00e9s<\/strong><\/h2>\n\n<p>Afin de permettre l\u2019acc\u00e8s et l\u2019utilisation du Site dans les meilleures conditions par tout utilisateur, M.A.M pourra \u00e0 tout moment :<\/p>\n\n<p>\u2013 suspendre, interrompre ou limiter l\u2019acc\u00e8s \u00e0 tout ou partie du Site ;<\/p>\n\n<p>\u2013 r\u00e9server l\u2019acc\u00e8s du Site ou \u00e0 certaines parties du Site, \u00e0 tout ou partie des utilisateurs ;<\/p>\n\n<p>\u2013 supprimer toute information et\/ou tout contenu et\/ou toute fonctionnalit\u00e9 pouvant en perturber le fonctionnement ou \u00e9tant contraires aux lois et r\u00e8glements nationaux ou internationaux ;<\/p>\n\n<p>\u2013 suspendre l\u2019acc\u00e8s au Site afin de proc\u00e9der \u00e0 des mises \u00e0 jour.<\/p>\n\n<p>La responsabilit\u00e9 de M.A.M ne peut \u00eatre engag\u00e9e en cas de d\u00e9faillance, panne, difficult\u00e9 ou interruption de fonctionnement emp\u00eachant l\u2019acc\u00e8s au Site ou \u00e0 une de ses fonctionnalit\u00e9s.<\/p>\n\n<p>M.A.M se r\u00e9serve le droit de modifier \u00e0 tout moment les informations notamment en actualisant le Site.<\/p>\n\n<p>M.A.M ne pourra \u00eatre tenue responsable en cas de poursuites judiciaires \u00e0 l\u2019encontre de l\u2019utilisateur :<\/p>\n\n<p>\u2013 du fait de l\u2019usage du Site ou de tout service accessible via le Site ;<\/p>\n\n<p>\u2013 du fait du non-respect des pr\u00e9sentes mentions l\u00e9gales.<\/p>\n\n<p>Les informations contenues dans le Site sont fournies en toute bonne foi et en l\u2019\u00e9tat actuel des connaissances. M.A.M s\u2019efforce d\u2019assurer au mieux de ses possibilit\u00e9s, l\u2019exactitude et la mise \u00e0 jour des informations diffus\u00e9es sur le Site, dont elle se r\u00e9serve le droit de corriger, \u00e0 tout moment et sans pr\u00e9avis, le contenu.<\/p>\n\n<p>Toutefois, nous ne pouvons garantir l\u2019exactitude, la pr\u00e9cision ou l\u2019exhaustivit\u00e9 des informations mises \u00e0 la disposition sur le Site, ni que le Site ne sera pas interrompu, perturb\u00e9 ou exempt d\u2019erreurs.<\/p>\n\n<p>M.A.M n\u2019assumera la r\u00e9paration d\u2019aucun dommage direct ou indirect, quelles qu\u2019en soient les causes, origines, natures ou cons\u00e9quences, li\u00e9 \u00e0 l\u2019utilisation du Site, et notamment la d\u00e9gradation de vos \u00e9quipements informatiques caus\u00e9e par un virus informatique, les pertes de profits, de client\u00e8le, de donn\u00e9es ou tout autre perte de biens incorporels pouvant survenir en raison de l\u2019acc\u00e8s de quiconque au Site ou de l\u2019impossibilit\u00e9 d\u2019y acc\u00e9der ou li\u00e9 au cr\u00e9dit accord\u00e9 \u00e0 une quelconque information provenant directement ou indirectement du Site.<\/p>\n\n<h2 class=\"wp-block-heading\"><strong>8. Droit applicable<\/strong><\/h2>\n\n<p>Les pr\u00e9sentes mentions l\u00e9gales sont r\u00e9gies par la loi fran\u00e7aise.<\/p>\n","protected":false},"excerpt":{"rendered":"<p>Le site Internet https:\/\/mam-bayonne.fr (ci-apr\u00e8s d\u00e9nomm\u00e9 \u00ab le Site \u00bb) est la propri\u00e9t\u00e9 de la soci\u00e9t\u00e9 MONTAGE ET ASSEMBLAGE&#8230;<\/p>\n","protected":false},"author":2,"featured_media":0,"parent":0,"menu_order":0,"comment_status":"closed","ping_status":"closed","template":"templates\/account.php","meta":{"_acf_changed":false,"footnotes":""},"class_list":["post-935","page","type-page","status-publish","hentry","entry"],"acf":[],"yoast_head":"<!-- This site is optimized with the Yoast SEO plugin v27.4 - https:\/\/yoast.com\/product\/yoast-seo-wordpress\/ -->\n<title>Mentions L\u00e9gales - MAM Bayonne<\/title>\n<meta name=\"robots\" content=\"index, follow, max-snippet:-1, max-image-preview:large, max-video-preview:-1\" \/>\n<link rel=\"canonical\" href=\"https:\/\/mam-bayonne.fr\/en\/mentions-legales\/\" \/>\n<meta property=\"og:locale\" content=\"en_US\" \/>\n<meta property=\"og:type\" content=\"article\" \/>\n<meta property=\"og:title\" content=\"Mentions L\u00e9gales - MAM Bayonne\" \/>\n<meta property=\"og:description\" content=\"Le site Internet https:\/\/mam-bayonne.fr (ci-apr\u00e8s d\u00e9nomm\u00e9 \u00ab le Site \u00bb) est la propri\u00e9t\u00e9 de la soci\u00e9t\u00e9 MONTAGE ET ASSEMBLAGE...\" \/>\n<meta property=\"og:url\" content=\"https:\/\/mam-bayonne.fr\/en\/mentions-legales\/\" \/>\n<meta property=\"og:site_name\" content=\"MAM Bayonne\" \/>\n<meta property=\"article:modified_time\" content=\"2022-08-22T08:28:35+00:00\" \/>\n<meta name=\"twitter:card\" content=\"summary_large_image\" \/>\n<meta name=\"twitter:label1\" content=\"Est. reading time\" \/>\n\t<meta name=\"twitter:data1\" content=\"7 minutes\" \/>\n<script type=\"application\/ld+json\" class=\"yoast-schema-graph\">{\"@context\":\"https:\\\/\\\/schema.org\",\"@graph\":[{\"@type\":\"WebPage\",\"@id\":\"https:\\\/\\\/mam-bayonne.fr\\\/en\\\/mentions-legales\\\/\",\"url\":\"https:\\\/\\\/mam-bayonne.fr\\\/en\\\/mentions-legales\\\/\",\"name\":\"Mentions L\u00e9gales - MAM Bayonne\",\"isPartOf\":{\"@id\":\"https:\\\/\\\/mam-bayonne.fr\\\/#website\"},\"datePublished\":\"2022-06-13T15:35:25+00:00\",\"dateModified\":\"2022-08-22T08:28:35+00:00\",\"breadcrumb\":{\"@id\":\"https:\\\/\\\/mam-bayonne.fr\\\/en\\\/mentions-legales\\\/#breadcrumb\"},\"inLanguage\":\"en-US\",\"potentialAction\":[{\"@type\":\"ReadAction\",\"target\":[\"https:\\\/\\\/mam-bayonne.fr\\\/en\\\/mentions-legales\\\/\"]}]},{\"@type\":\"BreadcrumbList\",\"@id\":\"https:\\\/\\\/mam-bayonne.fr\\\/en\\\/mentions-legales\\\/#breadcrumb\",\"itemListElement\":[{\"@type\":\"ListItem\",\"position\":1,\"name\":\"Accueil\",\"item\":\"https:\\\/\\\/mam-bayonne.fr\\\/en\\\/home\\\/\"},{\"@type\":\"ListItem\",\"position\":2,\"name\":\"Mentions L\u00e9gales\"}]},{\"@type\":\"WebSite\",\"@id\":\"https:\\\/\\\/mam-bayonne.fr\\\/#website\",\"url\":\"https:\\\/\\\/mam-bayonne.fr\\\/\",\"name\":\"MAM Bayonne\",\"description\":\"\",\"publisher\":{\"@id\":\"https:\\\/\\\/mam-bayonne.fr\\\/#organization\"},\"potentialAction\":[{\"@type\":\"SearchAction\",\"target\":{\"@type\":\"EntryPoint\",\"urlTemplate\":\"https:\\\/\\\/mam-bayonne.fr\\\/?s={search_term_string}\"},\"query-input\":{\"@type\":\"PropertyValueSpecification\",\"valueRequired\":true,\"valueName\":\"search_term_string\"}}],\"inLanguage\":\"en-US\"},{\"@type\":\"Organization\",\"@id\":\"https:\\\/\\\/mam-bayonne.fr\\\/#organization\",\"name\":\"MAM Bayonne\",\"url\":\"https:\\\/\\\/mam-bayonne.fr\\\/\",\"logo\":{\"@type\":\"ImageObject\",\"inLanguage\":\"en-US\",\"@id\":\"https:\\\/\\\/mam-bayonne.fr\\\/#\\\/schema\\\/logo\\\/image\\\/\",\"url\":\"https:\\\/\\\/mam-bayonne.fr\\\/wp-content\\\/uploads\\\/2022\\\/05\\\/mam-logo.png\",\"contentUrl\":\"https:\\\/\\\/mam-bayonne.fr\\\/wp-content\\\/uploads\\\/2022\\\/05\\\/mam-logo.png\",\"width\":272,\"height\":82,\"caption\":\"MAM Bayonne\"},\"image\":{\"@id\":\"https:\\\/\\\/mam-bayonne.fr\\\/#\\\/schema\\\/logo\\\/image\\\/\"}}]}<\/script>\n<!-- \/ Yoast SEO plugin. -->","yoast_head_json":{"title":"Mentions L\u00e9gales - MAM Bayonne","robots":{"index":"index","follow":"follow","max-snippet":"max-snippet:-1","max-image-preview":"max-image-preview:large","max-video-preview":"max-video-preview:-1"},"canonical":"https:\/\/mam-bayonne.fr\/en\/mentions-legales\/","og_locale":"en_US","og_type":"article","og_title":"Mentions L\u00e9gales - MAM Bayonne","og_description":"Le site Internet https:\/\/mam-bayonne.fr (ci-apr\u00e8s d\u00e9nomm\u00e9 \u00ab le Site \u00bb) est la propri\u00e9t\u00e9 de la soci\u00e9t\u00e9 MONTAGE ET ASSEMBLAGE...","og_url":"https:\/\/mam-bayonne.fr\/en\/mentions-legales\/","og_site_name":"MAM Bayonne","article_modified_time":"2022-08-22T08:28:35+00:00","twitter_card":"summary_large_image","twitter_misc":{"Est. reading time":"7 minutes"},"schema":{"@context":"https:\/\/schema.org","@graph":[{"@type":"WebPage","@id":"https:\/\/mam-bayonne.fr\/en\/mentions-legales\/","url":"https:\/\/mam-bayonne.fr\/en\/mentions-legales\/","name":"Mentions L\u00e9gales - MAM Bayonne","isPartOf":{"@id":"https:\/\/mam-bayonne.fr\/#website"},"datePublished":"2022-06-13T15:35:25+00:00","dateModified":"2022-08-22T08:28:35+00:00","breadcrumb":{"@id":"https:\/\/mam-bayonne.fr\/en\/mentions-legales\/#breadcrumb"},"inLanguage":"en-US","potentialAction":[{"@type":"ReadAction","target":["https:\/\/mam-bayonne.fr\/en\/mentions-legales\/"]}]},{"@type":"BreadcrumbList","@id":"https:\/\/mam-bayonne.fr\/en\/mentions-legales\/#breadcrumb","itemListElement":[{"@type":"ListItem","position":1,"name":"Accueil","item":"https:\/\/mam-bayonne.fr\/en\/home\/"},{"@type":"ListItem","position":2,"name":"Mentions L\u00e9gales"}]},{"@type":"WebSite","@id":"https:\/\/mam-bayonne.fr\/#website","url":"https:\/\/mam-bayonne.fr\/","name":"MAM Bayonne","description":"","publisher":{"@id":"https:\/\/mam-bayonne.fr\/#organization"},"potentialAction":[{"@type":"SearchAction","target":{"@type":"EntryPoint","urlTemplate":"https:\/\/mam-bayonne.fr\/?s={search_term_string}"},"query-input":{"@type":"PropertyValueSpecification","valueRequired":true,"valueName":"search_term_string"}}],"inLanguage":"en-US"},{"@type":"Organization","@id":"https:\/\/mam-bayonne.fr\/#organization","name":"MAM Bayonne","url":"https:\/\/mam-bayonne.fr\/","logo":{"@type":"ImageObject","inLanguage":"en-US","@id":"https:\/\/mam-bayonne.fr\/#\/schema\/logo\/image\/","url":"https:\/\/mam-bayonne.fr\/wp-content\/uploads\/2022\/05\/mam-logo.png","contentUrl":"https:\/\/mam-bayonne.fr\/wp-content\/uploads\/2022\/05\/mam-logo.png","width":272,"height":82,"caption":"MAM Bayonne"},"image":{"@id":"https:\/\/mam-bayonne.fr\/#\/schema\/logo\/image\/"}}]}},"_links":{"self":[{"href":"https:\/\/mam-bayonne.fr\/en\/wp-json\/wp\/v2\/pages\/935","targetHints":{"allow":["GET"]}}],"collection":[{"href":"https:\/\/mam-bayonne.fr\/en\/wp-json\/wp\/v2\/pages"}],"about":[{"href":"https:\/\/mam-bayonne.fr\/en\/wp-json\/wp\/v2\/types\/page"}],"author":[{"embeddable":true,"href":"https:\/\/mam-bayonne.fr\/en\/wp-json\/wp\/v2\/users\/2"}],"replies":[{"embeddable":true,"href":"https:\/\/mam-bayonne.fr\/en\/wp-json\/wp\/v2\/comments?post=935"}],"version-history":[{"count":1,"href":"https:\/\/mam-bayonne.fr\/en\/wp-json\/wp\/v2\/pages\/935\/revisions"}],"predecessor-version":[{"id":936,"href":"https:\/\/mam-bayonne.fr\/en\/wp-json\/wp\/v2\/pages\/935\/revisions\/936"}],"wp:attachment":[{"href":"https:\/\/mam-bayonne.fr\/en\/wp-json\/wp\/v2\/media?parent=935"}],"curies":[{"name":"wp","href":"https:\/\/api.w.org\/{rel}","templated":true}]}}